{"id":377,"date":"2021-03-25T13:57:22","date_gmt":"2021-03-25T13:57:22","guid":{"rendered":"https:\/\/reisinger.fabian-heinz-webdesign.de\/?page_id=377"},"modified":"2021-04-12T07:25:15","modified_gmt":"2021-04-12T07:25:15","slug":"tueren","status":"publish","type":"page","link":"https:\/\/schreinermeister-reisinger.de\/index.php\/produkte\/tueren\/","title":{"rendered":"Zimmert\u00fcren"},"content":{"rendered":"\n<p>Egal ob Alt- oder Neubau: T\u00fcren sind ein entscheidendes Designelement in Immobilien.<br>Deshalb haben wir es uns zum Ziel gemacht, T\u00fcren f\u00fcr Sie zu Ihrer vollsten Zufriedenheit zu kreieren.<\/p>\n\n\n\n<p><\/p>\n\n\n\n<section id=\"section-82f678d2-511a-4d52-bc98-800a2d9e115e\" class=\"wp-block-gutentor-timeline gutentor-section gutentor-timeline cssanimations timeline-template1\"><div class=\"grid-container\"><div class=\"gutentor-grid-item-wrap\"><div class=\"gutentor-timeline-wrapper\"><div class=\"gutentor-single-item gutentor-single-item-0 gutentor-even\"><div class=\"gutentor-timeline-item\"><div class=\"gutentor-single-item-wrap\"><div class=\"gutentor-timeline-item-circle\"><\/div><div class=\"gutentor-single-item-wrapper\"><div class=\"gutentor-single-item-content gutentor-timeline-item-content\"><div class=\"gutentor-timeline-item-org-title\"><\/div><h3 class=\"gutentor-single-item-title\">Vermessung<\/h3><p class=\"gutentor-single-item-desc\">Damit Ihre zuk\u00fcnftige T\u00fcr passgenau ist, nehmen wir mit gr\u00f6\u00dfter Genauigkeit Ma\u00df<\/p><\/div><\/div><\/div><\/div><\/div><div class=\"gutentor-single-item gutentor-single-item-1 gutentor-odd\"><div class=\"gutentor-timeline-item\"><div class=\"gutentor-single-item-wrap\"><div class=\"gutentor-timeline-item-circle\"><\/div><div class=\"gutentor-single-item-wrapper\"><div class=\"gutentor-single-item-content gutentor-timeline-item-content\"><div class=\"gutentor-timeline-item-org-title\"><\/div><h3 class=\"gutentor-single-item-title\">Auswahl T\u00fcrart<\/h3><p class=\"gutentor-single-item-desc\">Anschlie\u00dfend k\u00f6nnen Sie die Art der T\u00fcr ausw\u00e4hlen: Ob als Dreht\u00fcr \u00fcberf\u00e4lzt, stumpf einschlagend oder als Schiebet\u00fcr &#8211; alles ist m\u00f6glich!<\/p><\/div><\/div><\/div><\/div><\/div><div class=\"gutentor-single-item gutentor-single-item-2 gutentor-even\"><div class=\"gutentor-timeline-item\"><div class=\"gutentor-single-item-wrap\"><div class=\"gutentor-timeline-item-circle\"><\/div><div class=\"gutentor-single-item-wrapper\"><div class=\"gutentor-single-item-content gutentor-timeline-item-content\"><div class=\"gutentor-timeline-item-org-title\"><\/div><h3 class=\"gutentor-single-item-title\">Auswahl T\u00fcrausf\u00fchrung<\/h3><p class=\"gutentor-single-item-desc\">Damit die T\u00fcr auch genau Ihren Anspr\u00fcchen gen\u00fcgt k\u00f6nnen Sie aus folgenden Ausf\u00fchrungen w\u00e4hlen:<br>Echtholz, CPL, HPL, Glas<\/p><\/div><\/div><\/div><\/div><\/div><div class=\"gutentor-single-item gutentor-single-item-3 gutentor-odd\"><div class=\"gutentor-timeline-item\"><div class=\"gutentor-single-item-wrap\"><div class=\"gutentor-timeline-item-circle\"><\/div><div class=\"gutentor-single-item-wrapper\"><div class=\"gutentor-single-item-content gutentor-timeline-item-content\"><div class=\"gutentor-timeline-item-org-title\"><\/div><h3 class=\"gutentor-single-item-title\">Auswahl Dr\u00fccker<\/h3><p class=\"gutentor-single-item-desc\">Ihre Zimmert\u00fcr soll nat\u00fcrlich auch im Ganzen ein tolles Bild abgeben. Deshalb beraten wir Sie auch gerne bei der Auswahl einer passenden T\u00fcrklinke, die speziell auf Ihre T\u00fcr angepasst ist.<\/p><\/div><\/div><\/div><\/div><\/div><div class=\"gutentor-single-item gutentor-single-item-4 gutentor-even\"><div class=\"gutentor-timeline-item\"><div class=\"gutentor-single-item-wrap\"><div class=\"gutentor-timeline-item-circle\"><\/div><div class=\"gutentor-single-item-wrapper\"><div class=\"gutentor-single-item-content gutentor-timeline-item-content\"><div class=\"gutentor-timeline-item-org-title\"><\/div><h3 class=\"gutentor-single-item-title\">Fertigung<\/h3><p class=\"gutentor-single-item-desc\">Die Zimmert\u00fcr wird ganz nach Ihren W\u00fcnschen erstellt<\/p><\/div><\/div><\/div><\/div><\/div><div class=\"gutentor-single-item gutentor-single-item-5 gutentor-odd\"><div class=\"gutentor-timeline-item\"><div class=\"gutentor-single-item-wrap\"><div class=\"gutentor-timeline-item-circle\"><\/div><div class=\"gutentor-single-item-wrapper\"><div class=\"gutentor-single-item-content gutentor-timeline-item-content\"><div class=\"gutentor-timeline-item-org-title\"><\/div><h3 class=\"gutentor-single-item-title\">Montage<\/h3><p class=\"gutentor-single-item-desc\">Wir montieren Ihre T\u00fcr fachgerecht, nach aktuellstem Stand der Technik.<\/p><\/div><\/div><\/div><\/div><\/div><\/div><\/div><\/div><\/section>\n\n\n\n<p>Auf Wunsch demontieren und entsorgen wir auch gerne Ihre alten T\u00fcren f\u00fcr Sie!<\/p>\n","protected":false},"excerpt":{"rendered":"<p>Egal ob Alt- oder Neubau: T\u00fcren sind ein entscheidendes Designelement in Immobilien.Deshalb haben wir es uns zum Ziel gemacht, T\u00fcren f\u00fcr Sie zu Ihrer vollsten Zufriedenheit zu kreieren. Auf Wunsch demontieren und entsorgen wir auch gerne Ihre alten T\u00fcren f\u00fcr Sie!<\/p>\n","protected":false},"author":1,"featured_media":0,"parent":10,"menu_order":0,"comment_status":"closed","ping_status":"closed","template":"","meta":[],"_links":{"self":[{"href":"https:\/\/schreinermeister-reisinger.de\/index.php\/wp-json\/wp\/v2\/pages\/377"}],"collection":[{"href":"https:\/\/schreinermeister-reisinger.de\/index.php\/wp-json\/wp\/v2\/pages"}],"about":[{"href":"https:\/\/schreinermeister-reisinger.de\/index.php\/wp-json\/wp\/v2\/types\/page"}],"author":[{"embeddable":true,"href":"https:\/\/schreinermeister-reisinger.de\/index.php\/wp-json\/wp\/v2\/users\/1"}],"replies":[{"embeddable":true,"href":"https:\/\/schreinermeister-reisinger.de\/index.php\/wp-json\/wp\/v2\/comments?post=377"}],"version-history":[{"count":16,"href":"https:\/\/schreinermeister-reisinger.de\/index.php\/wp-json\/wp\/v2\/pages\/377\/revisions"}],"predecessor-version":[{"id":577,"href":"https:\/\/schreinermeister-reisinger.de\/index.php\/wp-json\/wp\/v2\/pages\/377\/revisions\/577"}],"up":[{"embeddable":true,"href":"https:\/\/schreinermeister-reisinger.de\/index.php\/wp-json\/wp\/v2\/pages\/10"}],"wp:attachment":[{"href":"https:\/\/schreinermeister-reisinger.de\/index.php\/wp-json\/wp\/v2\/media?parent=377"}],"curies":[{"name":"wp","href":"https:\/\/api.w.org\/{rel}","templated":true}]}}