{"id":372,"date":"2021-03-25T13:50:41","date_gmt":"2021-03-25T13:50:41","guid":{"rendered":"https:\/\/reisinger.fabian-heinz-webdesign.de\/?page_id=372"},"modified":"2021-04-08T08:45:04","modified_gmt":"2021-04-08T08:45:04","slug":"parkettboeden","status":"publish","type":"page","link":"https:\/\/schreinermeister-reisinger.de\/index.php\/produkte\/parkettboeden\/","title":{"rendered":"Bodenbel\u00e4ge"},"content":{"rendered":"\n<div class=\"wp-block-columns is-layout-flex wp-container-3\">\n<div class=\"wp-block-column is-layout-flow\" style=\"flex-basis:50%\">\n<h2 class=\"wp-block-heading\">Parkettrenovierung<\/h2>\n\n\n\n<p>Ihr alter Parkettboden ist bei uns in bester Hand!<br>Durch unsere bew\u00e4hrte Methodik sowohl beim Abschleifen und ausbessern als auch beim Versiegeln mit umweltfreundlichen und strapazierf\u00e4higen Lacken oder \u00d6len ist nach Abschluss der Arbeiten Ihr Parkettboden wie neu.<\/p>\n<\/div>\n\n\n\n<div class=\"wp-block-column is-layout-flow\" style=\"flex-basis:50%\">\n<h2 class=\"wp-block-heading\">Parkettb\u00f6den<\/h2>\n\n\n\n<p>Ihre neuen B\u00f6den werden perfekt!<br>Das ist unser pers\u00f6nliches Anliegen.<br>Verschiedene Situationen erfordern unterschiedliche Arten der Verlegung. Davon abh\u00e4ngig verlegen wir entweder fest verklebt oder schwimmend &#8211; aber jederzeit fachgerecht. Ob im Neu- oder Altbau, mit unserer Expertise verlegen wir gerne Massivparkett, 2- oder 3-Schicht-Parkett von allen g\u00e4ngigen und geeigneten Holzarten bis hin zu Laminat-Vinyl- und Designb\u00f6den.<\/p>\n<\/div>\n<\/div>\n\n\n\n<div class=\"wp-block-columns is-layout-flex wp-container-6\">\n<div class=\"wp-block-column is-layout-flow\">\n<figure class=\"wp-block-image size-large\"><img decoding=\"async\" loading=\"lazy\" width=\"640\" height=\"426\" src=\"https:\/\/schreinermeister-reisinger.de\/wp-content\/uploads\/2021\/04\/parkettrenovierung.jpg\" alt=\"parkettrenovierung\" class=\"wp-image-546\" srcset=\"https:\/\/schreinermeister-reisinger.de\/wp-content\/uploads\/2021\/04\/parkettrenovierung.jpg 640w, https:\/\/schreinermeister-reisinger.de\/wp-content\/uploads\/2021\/04\/parkettrenovierung-300x200.jpg 300w\" sizes=\"(max-width: 640px) 100vw, 640px\" \/><\/figure>\n<\/div>\n\n\n\n<div class=\"wp-block-column is-layout-flow\">\n<figure class=\"wp-block-image size-large\"><img decoding=\"async\" loading=\"lazy\" width=\"640\" height=\"426\" src=\"https:\/\/schreinermeister-reisinger.de\/wp-content\/uploads\/2021\/04\/parkett_neu.jpg\" alt=\"parkett verlegen\" class=\"wp-image-554\" srcset=\"https:\/\/schreinermeister-reisinger.de\/wp-content\/uploads\/2021\/04\/parkett_neu.jpg 640w, https:\/\/schreinermeister-reisinger.de\/wp-content\/uploads\/2021\/04\/parkett_neu-300x200.jpg 300w\" sizes=\"(max-width: 640px) 100vw, 640px\" \/><\/figure>\n<\/div>\n<\/div>\n","protected":false},"excerpt":{"rendered":"<p>Parkettrenovierung Ihr alter Parkettboden ist bei uns in bester Hand!Durch unsere bew\u00e4hrte Methodik sowohl beim Abschleifen und ausbessern als auch beim Versiegeln mit umweltfreundlichen und strapazierf\u00e4higen Lacken oder \u00d6len ist nach Abschluss der Arbeiten Ihr Parkettboden wie neu. Parkettb\u00f6den Ihre neuen B\u00f6den werden perfekt!Das ist unser pers\u00f6nliches Anliegen.Verschiedene Situationen erfordern unterschiedliche Arten der Verlegung. Davon [&hellip;]<\/p>\n","protected":false},"author":1,"featured_media":0,"parent":10,"menu_order":0,"comment_status":"closed","ping_status":"closed","template":"","meta":[],"_links":{"self":[{"href":"https:\/\/schreinermeister-reisinger.de\/index.php\/wp-json\/wp\/v2\/pages\/372"}],"collection":[{"href":"https:\/\/schreinermeister-reisinger.de\/index.php\/wp-json\/wp\/v2\/pages"}],"about":[{"href":"https:\/\/schreinermeister-reisinger.de\/index.php\/wp-json\/wp\/v2\/types\/page"}],"author":[{"embeddable":true,"href":"https:\/\/schreinermeister-reisinger.de\/index.php\/wp-json\/wp\/v2\/users\/1"}],"replies":[{"embeddable":true,"href":"https:\/\/schreinermeister-reisinger.de\/index.php\/wp-json\/wp\/v2\/comments?post=372"}],"version-history":[{"count":10,"href":"https:\/\/schreinermeister-reisinger.de\/index.php\/wp-json\/wp\/v2\/pages\/372\/revisions"}],"predecessor-version":[{"id":555,"href":"https:\/\/schreinermeister-reisinger.de\/index.php\/wp-json\/wp\/v2\/pages\/372\/revisions\/555"}],"up":[{"embeddable":true,"href":"https:\/\/schreinermeister-reisinger.de\/index.php\/wp-json\/wp\/v2\/pages\/10"}],"wp:attachment":[{"href":"https:\/\/schreinermeister-reisinger.de\/index.php\/wp-json\/wp\/v2\/media?parent=372"}],"curies":[{"name":"wp","href":"https:\/\/api.w.org\/{rel}","templated":true}]}}