{"id":12,"date":"2021-03-24T15:52:10","date_gmt":"2021-03-24T15:52:10","guid":{"rendered":"https:\/\/reisinger.fabian-heinz-webdesign.de\/?page_id=12"},"modified":"2021-04-12T07:28:30","modified_gmt":"2021-04-12T07:28:30","slug":"partner","status":"publish","type":"page","link":"https:\/\/schreinermeister-reisinger.de\/index.php\/partner\/","title":{"rendered":"Partner"},"content":{"rendered":"\n<p class=\"has-text-align-center\">Damit wir, wie es unser Anspruch ist, f\u00fcr Sie mit besten Materialien der h\u00f6chsten Qualit\u00e4t umgehen k\u00f6nnen, arbeiten wir mit folgenden Firmen seit Jahren sehr eng zusammen:<\/p>\n\n\n\n<p><\/p>\n\n\n\n<div class=\"wp-block-columns is-layout-flex wp-container-3\">\n<div class=\"wp-block-column is-layout-flow\">\n<h2 class=\"wp-block-heading\">Zimmert\u00fcren<\/h2>\n\n\n\n<figure class=\"wp-block-image size-large\" style=\"background: silver\"><a href=\"https:\/\/www.konold.com\/\" target=\"_blank\" rel=\"noopener\"><img decoding=\"async\" loading=\"lazy\" width=\"1024\" height=\"283\" src=\"https:\/\/schreinermeister-reisinger.de\/wp-content\/uploads\/2021\/03\/konold_logo-1024x283.png\" alt=\"\" class=\"wp-image-476\" srcset=\"https:\/\/schreinermeister-reisinger.de\/wp-content\/uploads\/2021\/03\/konold_logo-1024x283.png 1024w, https:\/\/schreinermeister-reisinger.de\/wp-content\/uploads\/2021\/03\/konold_logo-300x83.png 300w, https:\/\/schreinermeister-reisinger.de\/wp-content\/uploads\/2021\/03\/konold_logo-768x212.png 768w, https:\/\/schreinermeister-reisinger.de\/wp-content\/uploads\/2021\/03\/konold_logo-1536x424.png 1536w, https:\/\/schreinermeister-reisinger.de\/wp-content\/uploads\/2021\/03\/konold_logo-2048x566.png 2048w\" sizes=\"(max-width: 1024px) 100vw, 1024px\" \/><\/a><\/figure>\n\n\n\n<figure class=\"wp-block-image size-full\"><a href=\"https:\/\/www.garant.de\/\" target=\"_blank\" rel=\"noopener\"><img decoding=\"async\" loading=\"lazy\" width=\"468\" height=\"118\" src=\"https:\/\/schreinermeister-reisinger.de\/wp-content\/uploads\/2021\/03\/garant_logo.png\" alt=\"\" class=\"wp-image-475\" srcset=\"https:\/\/schreinermeister-reisinger.de\/wp-content\/uploads\/2021\/03\/garant_logo.png 468w, https:\/\/schreinermeister-reisinger.de\/wp-content\/uploads\/2021\/03\/garant_logo-300x76.png 300w\" sizes=\"(max-width: 468px) 100vw, 468px\" \/><\/a><\/figure>\n\n\n\n<p><\/p>\n<\/div>\n\n\n\n<div class=\"wp-block-column is-layout-flow\">\n<h2 class=\"wp-block-heading\">B\u00f6den<\/h2>\n\n\n\n<figure class=\"wp-block-image size-medium\"><a href=\"https:\/\/www.meister.com\/de\" target=\"_blank\" rel=\"noopener\"><img decoding=\"async\" loading=\"lazy\" width=\"300\" height=\"43\" src=\"https:\/\/schreinermeister-reisinger.de\/wp-content\/uploads\/2021\/03\/MEISTER_Logo-300x43.png\" alt=\"\" class=\"wp-image-484\" srcset=\"https:\/\/schreinermeister-reisinger.de\/wp-content\/uploads\/2021\/03\/MEISTER_Logo-300x43.png 300w, https:\/\/schreinermeister-reisinger.de\/wp-content\/uploads\/2021\/03\/MEISTER_Logo-1024x147.png 1024w, https:\/\/schreinermeister-reisinger.de\/wp-content\/uploads\/2021\/03\/MEISTER_Logo-768x111.png 768w, https:\/\/schreinermeister-reisinger.de\/wp-content\/uploads\/2021\/03\/MEISTER_Logo.png 1181w\" sizes=\"(max-width: 300px) 100vw, 300px\" \/><\/a><\/figure>\n\n\n\n<figure style=\"background: silver\" class=\"wp-block-image size-large\"><a href=\"https:\/\/corpet.info\/\" target=\"_blank\" rel=\"noopener\"><img decoding=\"async\" loading=\"lazy\" width=\"261\" height=\"93\" src=\"https:\/\/schreinermeister-reisinger.de\/wp-content\/uploads\/2021\/03\/Corpet_Logo.png\" alt=\"\" class=\"wp-image-485\"\/><\/a><\/figure>\n\n\n\n<div class=\"wp-block-image\"><figure class=\"alignleft size-medium is-resized\"><a href=\"http:\/\/www.trumpf-parkett.de\/\" target=\"_blank\" rel=\"noopener\"><img decoding=\"async\" loading=\"lazy\" src=\"https:\/\/schreinermeister-reisinger.de\/wp-content\/uploads\/2021\/04\/Trumpf_logo-236x300.png\" alt=\"\" class=\"wp-image-578\" width=\"102\" height=\"130\" srcset=\"https:\/\/schreinermeister-reisinger.de\/wp-content\/uploads\/2021\/04\/Trumpf_logo-236x300.png 236w, https:\/\/schreinermeister-reisinger.de\/wp-content\/uploads\/2021\/04\/Trumpf_logo.png 517w\" sizes=\"(max-width: 102px) 100vw, 102px\" \/><\/a><\/figure><\/div>\n<\/div>\n<\/div>\n\n\n\n<div class=\"wp-block-columns is-layout-flex wp-container-6\">\n<div class=\"wp-block-column is-layout-flow\">\n<h2 class=\"wp-block-heading\">Wand &amp; Decke<\/h2>\n\n\n\n<figure class=\"wp-block-image size-medium\"><a href=\"https:\/\/www.meister.com\/de\" target=\"_blank\" rel=\"noopener\"><img decoding=\"async\" loading=\"lazy\" width=\"300\" height=\"43\" src=\"https:\/\/schreinermeister-reisinger.de\/wp-content\/uploads\/2021\/03\/MEISTER_Logo-300x43.png\" alt=\"\" class=\"wp-image-484\" srcset=\"https:\/\/schreinermeister-reisinger.de\/wp-content\/uploads\/2021\/03\/MEISTER_Logo-300x43.png 300w, https:\/\/schreinermeister-reisinger.de\/wp-content\/uploads\/2021\/03\/MEISTER_Logo-1024x147.png 1024w, https:\/\/schreinermeister-reisinger.de\/wp-content\/uploads\/2021\/03\/MEISTER_Logo-768x111.png 768w, https:\/\/schreinermeister-reisinger.de\/wp-content\/uploads\/2021\/03\/MEISTER_Logo.png 1181w\" sizes=\"(max-width: 300px) 100vw, 300px\" \/><\/a><\/figure>\n<\/div>\n\n\n\n<div class=\"wp-block-column is-layout-flow\">\n<h2 class=\"has-text-align-left wp-block-heading\">Insektenschutz<\/h2>\n\n\n\n<div class=\"wp-block-image\"><figure class=\"alignleft size-large\"><a href=\"https:\/\/www.hausfux.de\/\" target=\"_blank\" rel=\"noopener\"><img decoding=\"async\" loading=\"lazy\" width=\"289\" height=\"64\" src=\"https:\/\/schreinermeister-reisinger.de\/wp-content\/uploads\/2021\/03\/hausFux_logo.png\" alt=\"\" class=\"wp-image-489\"\/><\/a><\/figure><\/div>\n<\/div>\n<\/div>\n\n\n\n<h2 class=\"has-text-align-center wp-block-heading\">Treppenrenovierung<\/h2>\n\n\n\n<div class=\"wp-block-image\"><figure class=\"aligncenter size-medium\"><a href=\"https:\/\/dress-system.de\/\" target=\"_blank\" rel=\"noopener\"><img decoding=\"async\" loading=\"lazy\" width=\"300\" height=\"182\" src=\"https:\/\/schreinermeister-reisinger.de\/wp-content\/uploads\/2021\/03\/dress_logo-300x182.png\" alt=\"\" class=\"wp-image-488\" srcset=\"https:\/\/schreinermeister-reisinger.de\/wp-content\/uploads\/2021\/03\/dress_logo-300x182.png 300w, https:\/\/schreinermeister-reisinger.de\/wp-content\/uploads\/2021\/03\/dress_logo.png 750w\" sizes=\"(max-width: 300px) 100vw, 300px\" \/><\/a><\/figure><\/div>\n","protected":false},"excerpt":{"rendered":"<p>Damit wir, wie es unser Anspruch ist, f\u00fcr Sie mit besten Materialien der h\u00f6chsten Qualit\u00e4t umgehen k\u00f6nnen, arbeiten wir mit folgenden Firmen seit Jahren sehr eng zusammen: Zimmert\u00fcren B\u00f6den Wand &amp; Decke Insektenschutz Treppenrenovierung<\/p>\n","protected":false},"author":1,"featured_media":0,"parent":0,"menu_order":0,"comment_status":"closed","ping_status":"closed","template":"","meta":[],"_links":{"self":[{"href":"https:\/\/schreinermeister-reisinger.de\/index.php\/wp-json\/wp\/v2\/pages\/12"}],"collection":[{"href":"https:\/\/schreinermeister-reisinger.de\/index.php\/wp-json\/wp\/v2\/pages"}],"about":[{"href":"https:\/\/schreinermeister-reisinger.de\/index.php\/wp-json\/wp\/v2\/types\/page"}],"author":[{"embeddable":true,"href":"https:\/\/schreinermeister-reisinger.de\/index.php\/wp-json\/wp\/v2\/users\/1"}],"replies":[{"embeddable":true,"href":"https:\/\/schreinermeister-reisinger.de\/index.php\/wp-json\/wp\/v2\/comments?post=12"}],"version-history":[{"count":18,"href":"https:\/\/schreinermeister-reisinger.de\/index.php\/wp-json\/wp\/v2\/pages\/12\/revisions"}],"predecessor-version":[{"id":582,"href":"https:\/\/schreinermeister-reisinger.de\/index.php\/wp-json\/wp\/v2\/pages\/12\/revisions\/582"}],"wp:attachment":[{"href":"https:\/\/schreinermeister-reisinger.de\/index.php\/wp-json\/wp\/v2\/media?parent=12"}],"curies":[{"name":"wp","href":"https:\/\/api.w.org\/{rel}","templated":true}]}}